{"id":25408,"date":"2022-03-22T09:27:01","date_gmt":"2022-03-22T09:27:01","guid":{"rendered":"https:\/\/www.adparts.com\/informatica\/"},"modified":"2024-03-11T09:33:01","modified_gmt":"2024-03-11T09:33:01","slug":"informatica","status":"publish","type":"page","link":"https:\/\/www.adparts.com\/pt-pt\/informatica\/","title":{"rendered":"Inform\u00e1tica"},"content":{"rendered":"\t\t<div data-elementor-type=\"wp-page\" data-elementor-id=\"25408\" class=\"elementor elementor-25408 elementor-22630\" data-elementor-post-type=\"page\">\n\t\t\t\t\t\t<section class=\"elementor-section elementor-top-section elementor-element elementor-element-df7b6a1 elementor-section-full_width services-desktop elementor-section-height-default elementor-section-height-default\" data-id=\"df7b6a1\" data-element_type=\"section\" data-e-type=\"section\">\n\t\t\t\t\t\t<div class=\"elementor-container elementor-column-gap-default\">\n\t\t\t\t\t<div class=\"elementor-column elementor-col-100 elementor-top-column elementor-element elementor-element-96a5284\" data-id=\"96a5284\" data-element_type=\"column\" data-e-type=\"column\">\n\t\t\t<div class=\"elementor-widget-wrap elementor-element-populated\">\n\t\t\t\t\t\t<section class=\"elementor-section elementor-inner-section elementor-element elementor-element-597caaf elementor-section-full_width elementor-section-content-middle elementor-section-height-min-height elementor-section-height-default\" data-id=\"597caaf\" data-element_type=\"section\" data-e-type=\"section\">\n\t\t\t\t\t\t<div class=\"elementor-container elementor-column-gap-no\">\n\t\t\t\t\t<div class=\"elementor-column elementor-col-50 elementor-inner-column elementor-element elementor-element-2ff7eaf info-column-video-image\" data-id=\"2ff7eaf\" data-element_type=\"column\" data-e-type=\"column\" data-settings=\"{&quot;background_background&quot;:&quot;classic&quot;}\">\n\t\t\t<div class=\"elementor-widget-wrap elementor-element-populated\">\n\t\t\t\t\t<div class=\"elementor-background-overlay\"><\/div>\n\t\t\t\t\t\t<div class=\"elementor-element elementor-element-15046b2 elementor-align-center elementor-widget elementor-widget-lightbox\" data-id=\"15046b2\" data-element_type=\"widget\" data-e-type=\"widget\" data-widget_type=\"lightbox.default\">\n\t\t\t\t<div class=\"elementor-widget-container\">\n\t\t\t\t\t        <div id=\"bdt-lightbox-15046b2\" class=\"bdt-lightbox-wrapper bdt-line-bounce\">              \n\t\t\t<div data-bdt-lightbox=\" animation: fade; video-autoplay: true;\">\t\t\t\n\n\t\t\t    <a data-elementor-open-lightbox=\"no\" class=\"elementor-button elementor-size-md\" href=\"https:\/\/www.adparts.com\/wp-content\/uploads\/2022\/03\/AD-TALLER-NOV11.mp4\">\n\n\t\t\t    \t\n\t\t\t\t\t\t\t\t\t    \t<span >\n\t\t\t\t\t\t\t<i aria-hidden=\"true\" class=\"fa-fw far fa-play-circle\"><\/i>\t\t\t\t\t\t<\/span>\n\t\t\t\t\t\n\t\t\t\t\t\t\t    \t<\/a>\n\n\t\t\t\t\n\t\t\t<\/div>     \n        <\/div>\n        \t\t\t\t<\/div>\n\t\t\t\t<\/div>\n\t\t\t\t\t<\/div>\n\t\t<\/div>\n\t\t\t\t<div class=\"elementor-column elementor-col-50 elementor-inner-column elementor-element elementor-element-7fd4cb7 animated-slow column-service elementor-invisible\" data-id=\"7fd4cb7\" data-element_type=\"column\" data-e-type=\"column\" data-settings=\"{&quot;animation&quot;:&quot;fadeIn&quot;,&quot;animation_delay&quot;:150}\">\n\t\t\t<div class=\"elementor-widget-wrap elementor-element-populated\">\n\t\t\t\t\t\t<div class=\"elementor-element elementor-element-dc59ac1 service-title elementor-widget elementor-widget-heading\" data-id=\"dc59ac1\" data-element_type=\"widget\" data-e-type=\"widget\" data-widget_type=\"heading.default\">\n\t\t\t\t<div class=\"elementor-widget-container\">\n\t\t\t\t\t<h5 class=\"elementor-heading-title elementor-size-default\">AD OFICINA<\/h5>\t\t\t\t<\/div>\n\t\t\t\t<\/div>\n\t\t\t\t<div class=\"elementor-element elementor-element-1c40397 elementor-widget-divider--view-line elementor-widget elementor-widget-divider\" data-id=\"1c40397\" data-element_type=\"widget\" data-e-type=\"widget\" data-widget_type=\"divider.default\">\n\t\t\t\t<div class=\"elementor-widget-container\">\n\t\t\t\t\t\t\t<div class=\"elementor-divider\">\n\t\t\t<span class=\"elementor-divider-separator\">\n\t\t\t\t\t\t<\/span>\n\t\t<\/div>\n\t\t\t\t\t\t<\/div>\n\t\t\t\t<\/div>\n\t\t\t\t<div class=\"elementor-element elementor-element-e603d44 desc-service elementor-widget elementor-widget-text-editor\" data-id=\"e603d44\" data-element_type=\"widget\" data-e-type=\"widget\" data-widget_type=\"text-editor.default\">\n\t\t\t\t<div class=\"elementor-widget-container\">\n\t\t\t\t\t\t\t\t\t<p>A nossa proposta para a gest\u00e3o de oficinas. AD Oficina foi concebido por e para oficinas, cobrindo todas as suas necessidades: repara\u00e7\u00f5es, manuten\u00e7\u00f5es, tesouraria, contabilidade e an\u00e1lise.<\/p>\n\t\t\t\t\t\t\t\t<\/div>\n\t\t\t\t<\/div>\n\t\t\t\t\t<\/div>\n\t\t<\/div>\n\t\t\t\t\t<\/div>\n\t\t<\/section>\n\t\t\t\t<section class=\"elementor-section elementor-inner-section elementor-element elementor-element-2daf49c elementor-section-full_width elementor-section-content-middle elementor-section-height-min-height elementor-section-height-default\" data-id=\"2daf49c\" data-element_type=\"section\" data-e-type=\"section\">\n\t\t\t\t\t\t<div class=\"elementor-container elementor-column-gap-no\">\n\t\t\t\t\t<div class=\"elementor-column elementor-col-50 elementor-inner-column elementor-element elementor-element-2eb6494 info-column-video-image\" data-id=\"2eb6494\" data-element_type=\"column\" data-e-type=\"column\" data-settings=\"{&quot;background_background&quot;:&quot;classic&quot;}\">\n\t\t\t<div class=\"elementor-widget-wrap elementor-element-populated\">\n\t\t\t\t\t<div class=\"elementor-background-overlay\"><\/div>\n\t\t\t\t\t\t<div class=\"elementor-element elementor-element-30031b1 elementor-align-center elementor-widget elementor-widget-lightbox\" data-id=\"30031b1\" data-element_type=\"widget\" data-e-type=\"widget\" data-widget_type=\"lightbox.default\">\n\t\t\t\t<div class=\"elementor-widget-container\">\n\t\t\t\t\t        <div id=\"bdt-lightbox-30031b1\" class=\"bdt-lightbox-wrapper bdt-line-bounce\">              \n\t\t\t<div data-bdt-lightbox=\" animation: fade; video-autoplay: true;\">\t\t\t\n\n\t\t\t    <a data-elementor-open-lightbox=\"no\" class=\"elementor-button elementor-size-md\" href=\"https:\/\/www.adparts.com\/wp-content\/uploads\/2024\/03\/AD360_V7.mp4\">\n\n\t\t\t    \t\n\t\t\t\t\t\t\t\t\t    \t<span >\n\t\t\t\t\t\t\t<i aria-hidden=\"true\" class=\"fa-fw far fa-play-circle\"><\/i>\t\t\t\t\t\t<\/span>\n\t\t\t\t\t\n\t\t\t\t\t\t\t    \t<\/a>\n\n\t\t\t\t\n\t\t\t<\/div>     \n        <\/div>\n        \t\t\t\t<\/div>\n\t\t\t\t<\/div>\n\t\t\t\t\t<\/div>\n\t\t<\/div>\n\t\t\t\t<div class=\"elementor-column elementor-col-50 elementor-inner-column elementor-element elementor-element-caa8a3b animated-slow column-service elementor-invisible\" data-id=\"caa8a3b\" data-element_type=\"column\" data-e-type=\"column\" data-settings=\"{&quot;animation&quot;:&quot;fadeIn&quot;,&quot;animation_delay&quot;:150}\">\n\t\t\t<div class=\"elementor-widget-wrap elementor-element-populated\">\n\t\t\t\t\t\t<div class=\"elementor-element elementor-element-991f47e service-title elementor-widget elementor-widget-heading\" data-id=\"991f47e\" data-element_type=\"widget\" data-e-type=\"widget\" data-widget_type=\"heading.default\">\n\t\t\t\t<div class=\"elementor-widget-container\">\n\t\t\t\t\t<h5 class=\"elementor-heading-title elementor-size-default\">AD 360<\/h5>\t\t\t\t<\/div>\n\t\t\t\t<\/div>\n\t\t\t\t<div class=\"elementor-element elementor-element-1f591a9 elementor-widget-divider--view-line elementor-widget elementor-widget-divider\" data-id=\"1f591a9\" data-element_type=\"widget\" data-e-type=\"widget\" data-widget_type=\"divider.default\">\n\t\t\t\t<div class=\"elementor-widget-container\">\n\t\t\t\t\t\t\t<div class=\"elementor-divider\">\n\t\t\t<span class=\"elementor-divider-separator\">\n\t\t\t\t\t\t<\/span>\n\t\t<\/div>\n\t\t\t\t\t\t<\/div>\n\t\t\t\t<\/div>\n\t\t\t\t<div class=\"elementor-element elementor-element-9224882 desc-service elementor-widget elementor-widget-text-editor\" data-id=\"9224882\" data-element_type=\"widget\" data-e-type=\"widget\" data-widget_type=\"text-editor.default\">\n\t\t\t\t<div class=\"elementor-widget-container\">\n\t\t\t\t\t\t\t\t\t<p>A ferramenta preferida do mec\u00e2nico: re\u00fane num s\u00f3 local um cat\u00e1logo de pe\u00e7as sobressalentes, a nossa base de dados de informa\u00e7\u00f5es DISNET, permite a compra online,realiza\u00e7\u00e3o do or\u00e7amento, identifica\u00e7\u00e3o exacta do ve\u00edculo e a consulta da disponibilidade e condi\u00e7\u00f5es dos produtos do distribuidor.<\/p>\n\t\t\t\t\t\t\t\t<\/div>\n\t\t\t\t<\/div>\n\t\t\t\t\t<\/div>\n\t\t<\/div>\n\t\t\t\t\t<\/div>\n\t\t<\/section>\n\t\t\t\t<section class=\"elementor-section elementor-inner-section elementor-element elementor-element-bda4994 elementor-section-full_width elementor-section-height-min-height elementor-section-content-middle elementor-section-height-default\" data-id=\"bda4994\" data-element_type=\"section\" data-e-type=\"section\">\n\t\t\t\t\t\t<div class=\"elementor-container elementor-column-gap-no\">\n\t\t\t\t\t<div class=\"elementor-column elementor-col-50 elementor-inner-column elementor-element elementor-element-eddaaa9 animated-slow column-service elementor-invisible\" data-id=\"eddaaa9\" data-element_type=\"column\" data-e-type=\"column\" data-settings=\"{&quot;animation&quot;:&quot;fadeIn&quot;,&quot;animation_delay&quot;:150}\">\n\t\t\t<div class=\"elementor-widget-wrap elementor-element-populated\">\n\t\t\t\t\t\t<div class=\"elementor-element elementor-element-54741b5 service-title elementor-widget elementor-widget-heading\" data-id=\"54741b5\" data-element_type=\"widget\" data-e-type=\"widget\" data-widget_type=\"heading.default\">\n\t\t\t\t<div class=\"elementor-widget-container\">\n\t\t\t\t\t<h5 class=\"elementor-heading-title elementor-size-default\">AD CHRONOS<\/h5>\t\t\t\t<\/div>\n\t\t\t\t<\/div>\n\t\t\t\t<div class=\"elementor-element elementor-element-f53e269 elementor-widget-divider--view-line elementor-widget elementor-widget-divider\" data-id=\"f53e269\" data-element_type=\"widget\" data-e-type=\"widget\" data-widget_type=\"divider.default\">\n\t\t\t\t<div class=\"elementor-widget-container\">\n\t\t\t\t\t\t\t<div class=\"elementor-divider\">\n\t\t\t<span class=\"elementor-divider-separator\">\n\t\t\t\t\t\t<\/span>\n\t\t<\/div>\n\t\t\t\t\t\t<\/div>\n\t\t\t\t<\/div>\n\t\t\t\t<div class=\"elementor-element elementor-element-45fdc9c desc-service elementor-widget elementor-widget-text-editor\" data-id=\"45fdc9c\" data-element_type=\"widget\" data-e-type=\"widget\" data-widget_type=\"text-editor.default\">\n\t\t\t\t<div class=\"elementor-widget-container\">\n\t\t\t\t\t\t\t\t\t<p>Controlo do tempo, AD Chronos \u00e9 uma ferramenta para oficinas que permite gerir os registos de tempo: controlo de tempo e servi\u00e7o. Permite saber exactamente qual \u00e9 a rentabilidade e no que cada operador da oficina tem estado a trabalhar.<\/p>\n\t\t\t\t\t\t\t\t<\/div>\n\t\t\t\t<\/div>\n\t\t\t\t\t<\/div>\n\t\t<\/div>\n\t\t\t\t<div class=\"elementor-column elementor-col-50 elementor-inner-column elementor-element elementor-element-a3ecd17 info-column-video-image\" data-id=\"a3ecd17\" data-element_type=\"column\" data-e-type=\"column\" data-settings=\"{&quot;background_background&quot;:&quot;classic&quot;}\">\n\t\t\t<div class=\"elementor-widget-wrap elementor-element-populated\">\n\t\t\t\t\t<div class=\"elementor-background-overlay\"><\/div>\n\t\t\t\t\t\t<div class=\"elementor-element elementor-element-a369fa9 elementor-align-center elementor-widget elementor-widget-lightbox\" data-id=\"a369fa9\" data-element_type=\"widget\" data-e-type=\"widget\" data-widget_type=\"lightbox.default\">\n\t\t\t\t<div class=\"elementor-widget-container\">\n\t\t\t\t\t        <div id=\"bdt-lightbox-a369fa9\" class=\"bdt-lightbox-wrapper bdt-line-bounce\">              \n\t\t\t<div data-bdt-lightbox=\" animation: fade; video-autoplay: true;\">\t\t\t\n\n\t\t\t    <a data-elementor-open-lightbox=\"no\" class=\"elementor-button elementor-size-md\" href=\"https:\/\/www.adparts.com\/wp-content\/uploads\/2024\/03\/AD_CHRONOS_V6.mp4\">\n\n\t\t\t    \t\n\t\t\t\t\t\t\t\t\t    \t<span >\n\t\t\t\t\t\t\t<i aria-hidden=\"true\" class=\"fa-fw far fa-play-circle\"><\/i>\t\t\t\t\t\t<\/span>\n\t\t\t\t\t\n\t\t\t\t\t\t\t    \t<\/a>\n\n\t\t\t\t\n\t\t\t<\/div>     \n        <\/div>\n        \t\t\t\t<\/div>\n\t\t\t\t<\/div>\n\t\t\t\t\t<\/div>\n\t\t<\/div>\n\t\t\t\t\t<\/div>\n\t\t<\/section>\n\t\t\t\t<section class=\"elementor-section elementor-inner-section elementor-element elementor-element-7b40107 elementor-section-full_width elementor-section-height-min-height elementor-section-content-middle elementor-section-height-default\" data-id=\"7b40107\" data-element_type=\"section\" data-e-type=\"section\">\n\t\t\t\t\t\t<div class=\"elementor-container elementor-column-gap-no\">\n\t\t\t\t\t<div class=\"elementor-column elementor-col-50 elementor-inner-column elementor-element elementor-element-e6959c8 animated-slow column-service elementor-invisible\" data-id=\"e6959c8\" data-element_type=\"column\" data-e-type=\"column\" data-settings=\"{&quot;animation&quot;:&quot;fadeIn&quot;,&quot;animation_delay&quot;:150}\">\n\t\t\t<div class=\"elementor-widget-wrap elementor-element-populated\">\n\t\t\t\t\t\t<div class=\"elementor-element elementor-element-9cdc71f service-title elementor-widget elementor-widget-heading\" data-id=\"9cdc71f\" data-element_type=\"widget\" data-e-type=\"widget\" data-widget_type=\"heading.default\">\n\t\t\t\t<div class=\"elementor-widget-container\">\n\t\t\t\t\t<h5 class=\"elementor-heading-title elementor-size-default\">AD GEST<\/h5>\t\t\t\t<\/div>\n\t\t\t\t<\/div>\n\t\t\t\t<div class=\"elementor-element elementor-element-2fcaf0a elementor-widget-divider--view-line elementor-widget elementor-widget-divider\" data-id=\"2fcaf0a\" data-element_type=\"widget\" data-e-type=\"widget\" data-widget_type=\"divider.default\">\n\t\t\t\t<div class=\"elementor-widget-container\">\n\t\t\t\t\t\t\t<div class=\"elementor-divider\">\n\t\t\t<span class=\"elementor-divider-separator\">\n\t\t\t\t\t\t<\/span>\n\t\t<\/div>\n\t\t\t\t\t\t<\/div>\n\t\t\t\t<\/div>\n\t\t\t\t<div class=\"elementor-element elementor-element-6bc891b desc-service elementor-widget elementor-widget-text-editor\" data-id=\"6bc891b\" data-element_type=\"widget\" data-e-type=\"widget\" data-widget_type=\"text-editor.default\">\n\t\t\t\t<div class=\"elementor-widget-container\">\n\t\t\t\t\t\t\t\t\t<p>ERP Web especificamente concebido para a distribui\u00e7\u00e3o de pe\u00e7as sobressalentes que adapta a sua funcionalidade \u00e0s t\u00e9cnicas de gest\u00e3o empresarial mais comprovadas. AD Gest permite que toda a rede de distribui\u00e7\u00e3o seja controlada a partir de uma \u00fanica aplica\u00e7\u00e3o.<\/p>\n\t\t\t\t\t\t\t\t<\/div>\n\t\t\t\t<\/div>\n\t\t\t\t\t<\/div>\n\t\t<\/div>\n\t\t\t\t<div class=\"elementor-column elementor-col-50 elementor-inner-column elementor-element elementor-element-2e1d78d info-column-video-image\" data-id=\"2e1d78d\" data-element_type=\"column\" data-e-type=\"column\" data-settings=\"{&quot;background_background&quot;:&quot;classic&quot;}\">\n\t\t\t<div class=\"elementor-widget-wrap\">\n\t\t\t\t\t<div class=\"elementor-background-overlay\"><\/div>\n\t\t\t\t\t\t\t<\/div>\n\t\t<\/div>\n\t\t\t\t\t<\/div>\n\t\t<\/section>\n\t\t\t\t\t<\/div>\n\t\t<\/div>\n\t\t\t\t\t<\/div>\n\t\t<\/section>\n\t\t\t\t<\/div>\n\t\t","protected":false},"excerpt":{"rendered":"<p>AD OFICINA A nossa proposta para a gest\u00e3o de oficinas. AD Oficina foi concebido por e para oficinas, cobrindo todas as suas necessidades: repara\u00e7\u00f5es, manuten\u00e7\u00f5es, tesouraria, contabilidade e an\u00e1lise. AD 360 A ferramenta preferida do mec\u00e2nico: re\u00fane num s\u00f3 local um cat\u00e1logo de pe\u00e7as sobressalentes, a nossa base de dados de informa\u00e7\u00f5es DISNET, permite a [&hellip;]<\/p>\n","protected":false},"author":3,"featured_media":23601,"parent":0,"menu_order":0,"comment_status":"closed","ping_status":"closed","template":"","meta":{"site-sidebar-layout":"no-sidebar","site-content-layout":"page-builder","ast-site-content-layout":"default","site-content-style":"default","site-sidebar-style":"default","ast-global-header-display":"","ast-banner-title-visibility":"","ast-main-header-display":"","ast-hfb-above-header-display":"","ast-hfb-below-header-display":"","ast-hfb-mobile-header-display":"","site-post-title":"disabled","ast-breadcrumbs-content":"disabled","ast-featured-img":"disabled","footer-sml-layout":"","ast-disable-related-posts":"","theme-transparent-header-meta":"default","adv-header-id-meta":"26","stick-header-meta":"","header-above-stick-meta":"","header-main-stick-meta":"","header-below-stick-meta":"","astra-migrate-meta-layouts":"default","ast-page-background-enabled":"default","ast-page-background-meta":{"desktop":{"background-color":"","background-image":"","background-repeat":"repeat","background-position":"center center","background-size":"auto","background-attachment":"scroll","background-type":"","background-media":"","overlay-type":"","overlay-color":"","overlay-opacity":"","overlay-gradient":""},"tablet":{"background-color":"","background-image":"","background-repeat":"repeat","background-position":"center center","background-size":"auto","background-attachment":"scroll","background-type":"","background-media":"","overlay-type":"","overlay-color":"","overlay-opacity":"","overlay-gradient":""},"mobile":{"background-color":"","background-image":"","background-repeat":"repeat","background-position":"center center","background-size":"auto","background-attachment":"scroll","background-type":"","background-media":"","overlay-type":"","overlay-color":"","overlay-opacity":"","overlay-gradient":""}},"ast-content-background-meta":{"desktop":{"background-color":"var(--ast-global-color-5)","background-image":"","background-repeat":"repeat","background-position":"center center","background-size":"auto","background-attachment":"scroll","background-type":"","background-media":"","overlay-type":"","overlay-color":"","overlay-opacity":"","overlay-gradient":""},"tablet":{"background-color":"var(--ast-global-color-5)","background-image":"","background-repeat":"repeat","background-position":"center center","background-size":"auto","background-attachment":"scroll","background-type":"","background-media":"","overlay-type":"","overlay-color":"","overlay-opacity":"","overlay-gradient":""},"mobile":{"background-color":"var(--ast-global-color-5)","background-image":"","background-repeat":"repeat","background-position":"center center","background-size":"auto","background-attachment":"scroll","background-type":"","background-media":"","overlay-type":"","overlay-color":"","overlay-opacity":"","overlay-gradient":""}},"footnotes":""},"class_list":["post-25408","page","type-page","status-publish","has-post-thumbnail","hentry"],"_links":{"self":[{"href":"https:\/\/www.adparts.com\/pt-pt\/wp-json\/wp\/v2\/pages\/25408","targetHints":{"allow":["GET"]}}],"collection":[{"href":"https:\/\/www.adparts.com\/pt-pt\/wp-json\/wp\/v2\/pages"}],"about":[{"href":"https:\/\/www.adparts.com\/pt-pt\/wp-json\/wp\/v2\/types\/page"}],"author":[{"embeddable":true,"href":"https:\/\/www.adparts.com\/pt-pt\/wp-json\/wp\/v2\/users\/3"}],"replies":[{"embeddable":true,"href":"https:\/\/www.adparts.com\/pt-pt\/wp-json\/wp\/v2\/comments?post=25408"}],"version-history":[{"count":8,"href":"https:\/\/www.adparts.com\/pt-pt\/wp-json\/wp\/v2\/pages\/25408\/revisions"}],"predecessor-version":[{"id":27510,"href":"https:\/\/www.adparts.com\/pt-pt\/wp-json\/wp\/v2\/pages\/25408\/revisions\/27510"}],"wp:featuredmedia":[{"embeddable":true,"href":"https:\/\/www.adparts.com\/pt-pt\/wp-json\/wp\/v2\/media\/23601"}],"wp:attachment":[{"href":"https:\/\/www.adparts.com\/pt-pt\/wp-json\/wp\/v2\/media?parent=25408"}],"curies":[{"name":"wp","href":"https:\/\/api.w.org\/{rel}","templated":true}]}}