{"id":25510,"date":"2021-11-04T10:44:01","date_gmt":"2021-11-04T10:44:01","guid":{"rendered":"https:\/\/www.adparts.com\/politica-de-cookies\/"},"modified":"2022-04-08T13:28:31","modified_gmt":"2022-04-08T13:28:31","slug":"politica-de-cookies","status":"publish","type":"page","link":"https:\/\/www.adparts.com\/pt-pt\/politica-de-cookies\/","title":{"rendered":"Pol\u00edtica de Cookies"},"content":{"rendered":"\t\t<div data-elementor-type=\"wp-page\" data-elementor-id=\"25510\" class=\"elementor elementor-25510 elementor-13672\" data-elementor-post-type=\"page\">\n\t\t\t\t\t\t<section class=\"elementor-section elementor-top-section elementor-element elementor-element-d869f8d elementor-section-boxed elementor-section-height-default elementor-section-height-default\" data-id=\"d869f8d\" data-element_type=\"section\" data-e-type=\"section\">\n\t\t\t\t\t\t<div class=\"elementor-container elementor-column-gap-default\">\n\t\t\t\t\t<div class=\"elementor-column elementor-col-100 elementor-top-column elementor-element elementor-element-54712c9\" data-id=\"54712c9\" data-element_type=\"column\" data-e-type=\"column\">\n\t\t\t<div class=\"elementor-widget-wrap elementor-element-populated\">\n\t\t\t\t\t\t<div class=\"elementor-element elementor-element-90c6298 elementor-widget elementor-widget-text-editor\" data-id=\"90c6298\" data-element_type=\"widget\" data-e-type=\"widget\" data-widget_type=\"text-editor.default\">\n\t\t\t\t<div class=\"elementor-widget-container\">\n\t\t\t\t\t\t\t\t\t<div class=\"cli_pg_page_contaner\"><h3>Sobre esta pol\u00edtica de cookies<\/h3><div>Esta pol\u00edtica de cookies explica o que s\u00e3o cookies e como os utilizamos, os tipos de cookies que utilizamos, ou seja, as informa\u00e7\u00f5es que recolhemos atrav\u00e9s de cookies e como essas informa\u00e7\u00f5es s\u00e3o utilizadas, e como controlar as prefer\u00eancias dos cookies. Para mais informa\u00e7\u00f5es sobre como utilizamos, armazenamos e mantemos os seus dados pessoais seguros, consulte a nossa Pol\u00edtica de Privacidade. Pode alterar ou retirar o seu consentimento em qualquer altura na Declara\u00e7\u00e3o de Cookie no nosso s\u00edtio da InternetDescubra mais sobre quem somos, como pode contactar-nos e como processamos os seus dados pessoais na nossa Pol\u00edtica de Privacidade. O seu consentimento aplica-se aos seguintes dom\u00ednios: www.adparts.com<div class=\"cli_user_consent_state\">O seu estado actual: N\u00e3o foi dado consentimento. <a class=\"cli_manage_current_consent\" style=\"cursor:pointer;text-decoration:underline;\">Gerir o seu consentimento.<\/a> <\/div><\/div><h3>O que s\u00e3o cookies?<\/h3><div>Os cookies s\u00e3o pequenos ficheiros de texto que s\u00e3o utilizados para armazenar pequenas pe\u00e7as de informa\u00e7\u00e3o. S\u00e3o armazenados no seu dispositivo quando o website \u00e9 carregado no seu browser. Estes cookies ajudam-nos a fazer o website funcionar correctamente, a torn\u00e1-lo mais seguro, a proporcionar uma melhor experi\u00eancia ao utilizador e a compreender como o website funciona e a analisar o que funciona e o que precisa de ser melhorado.<\/div><h3>Como utilizamos os cookies?<\/h3><div>Como a maioria dos servi\u00e7os em linha, o nosso website utiliza cookies de primeira m\u00e3o e de terceiros para uma variedade de fins. Os cookies de terceiros utilizados no nosso website servem principalmente para compreender como funciona o website, como interage com ele, para manter os nossos servi\u00e7os seguros, para entregar an\u00fancios que s\u00e3o relevantes para si e, em \u00faltima an\u00e1lise, para lhe proporcionar uma experi\u00eancia de utilizador melhorada e ajudar a acelerar as suas futuras interac\u00e7\u00f5es com o nosso website.<\/div><h3>Que tipos de cookies utilizamos?<\/h3><div>Essencial: Alguns cookies s\u00e3o essenciais para que possa experimentar a funcionalidade completa do nosso site. Permitem-nos manter sess\u00f5es de utilizadores e prevenir quaisquer amea\u00e7as \u00e0 seguran\u00e7a. N\u00e3o recolhem nem armazenam qualquer informa\u00e7\u00e3o pessoal. Por exemplo, estes cookies permitem-lhe entrar na sua conta e adicionar produtos ao seu cesto, bem como fazer o checkout de forma segura. Estat\u00edsticas: Estes cookies armazenam informa\u00e7\u00f5es tais como o n\u00famero de visitantes do website, o n\u00famero de visitantes \u00fanicos, que p\u00e1ginas do website foram visitadas, a origem da visita, etc. Estes dados ajudam-nos a compreender e analisar o desempenho do website e as \u00e1reas a melhorar.Marketing: O nosso website exibe an\u00fancios publicit\u00e1rios. Estes cookies s\u00e3o utilizados para personalizar os an\u00fancios que lhe mostramos, para que tenham significado para si. Estes cookies tamb\u00e9m nos ajudam a controlar a efic\u00e1cia destas campanhas publicit\u00e1rias. As informa\u00e7\u00f5es armazenadas nestes cookies tamb\u00e9m podem ser utilizadas por terceiros fornecedores de publicidade para lhe mostrar an\u00fancios noutros websites tamb\u00e9m no seu browser.Functional: Estes s\u00e3o cookies que ajudam certas funcionalidades n\u00e3o essenciais no nosso website. Estes cookies tamb\u00e9m nos ajudam a controlar a efic\u00e1cia destas campanhas publicit\u00e1rias. As informa\u00e7\u00f5es armazenadas nestes cookies tamb\u00e9m podem ser utilizadas por terceiros fornecedores de publicidade para lhe mostrar an\u00fancios noutros websites tamb\u00e9m no seu browser.Functional: Estes s\u00e3o cookies que ajudam certas funcionalidades n\u00e3o essenciais no nosso website.<\/div><h3>Como posso controlar as minhas prefer\u00eancias de biscoitos?<\/h3><div>Se decidir alterar as suas prefer\u00eancias mais tarde na sua sess\u00e3o de navega\u00e7\u00e3o, pode clicar no separador &#8220;Pol\u00edtica de Privacidade e Bolachas&#8221; no seu ecr\u00e3. Al\u00e9m disso, diferentes navegadores oferecem diferentes m\u00e9todos de bloqueio e elimina\u00e7\u00e3o de cookies utilizados pelos websites. Pode alterar as defini\u00e7\u00f5es do seu navegador para bloquear ou eliminar cookies. Para saber mais sobre como gerir e eliminar cookies, visite wikipedia.org, www.allaboutcookies.org.<\/div><\/div>\t\t\t\t\t\t\t\t<\/div>\n\t\t\t\t<\/div>\n\t\t\t\t\t<\/div>\n\t\t<\/div>\n\t\t\t\t\t<\/div>\n\t\t<\/section>\n\t\t\t\t<\/div>\n\t\t","protected":false},"excerpt":{"rendered":"<p>Sobre esta pol\u00edtica de cookies Esta pol\u00edtica de cookies explica o que s\u00e3o cookies e como os utilizamos, os tipos de cookies que utilizamos, ou seja, as informa\u00e7\u00f5es que recolhemos atrav\u00e9s de cookies e como essas informa\u00e7\u00f5es s\u00e3o utilizadas, e como controlar as prefer\u00eancias dos cookies. Para mais informa\u00e7\u00f5es sobre como utilizamos, armazenamos e mantemos [&hellip;]<\/p>\n","protected":false},"author":3,"featured_media":0,"parent":0,"menu_order":0,"comment_status":"closed","ping_status":"closed","template":"","meta":{"site-sidebar-layout":"no-sidebar","site-content-layout":"page-builder","ast-site-content-layout":"default","site-content-style":"default","site-sidebar-style":"default","ast-global-header-display":"","ast-banner-title-visibility":"","ast-main-header-display":"","ast-hfb-above-header-display":"","ast-hfb-below-header-display":"","ast-hfb-mobile-header-display":"","site-post-title":"disabled","ast-breadcrumbs-content":"","ast-featured-img":"disabled","footer-sml-layout":"","ast-disable-related-posts":"","theme-transparent-header-meta":"default","adv-header-id-meta":"","stick-header-meta":"","header-above-stick-meta":"","header-main-stick-meta":"","header-below-stick-meta":"","astra-migrate-meta-layouts":"default","ast-page-background-enabled":"default","ast-page-background-meta":{"desktop":{"background-color":"","background-image":"","background-repeat":"repeat","background-position":"center center","background-size":"auto","background-attachment":"scroll","background-type":"","background-media":"","overlay-type":"","overlay-color":"","overlay-opacity":"","overlay-gradient":""},"tablet":{"background-color":"","background-image":"","background-repeat":"repeat","background-position":"center center","background-size":"auto","background-attachment":"scroll","background-type":"","background-media":"","overlay-type":"","overlay-color":"","overlay-opacity":"","overlay-gradient":""},"mobile":{"background-color":"","background-image":"","background-repeat":"repeat","background-position":"center center","background-size":"auto","background-attachment":"scroll","background-type":"","background-media":"","overlay-type":"","overlay-color":"","overlay-opacity":"","overlay-gradient":""}},"ast-content-background-meta":{"desktop":{"background-color":"var(--ast-global-color-5)","background-image":"","background-repeat":"repeat","background-position":"center center","background-size":"auto","background-attachment":"scroll","background-type":"","background-media":"","overlay-type":"","overlay-color":"","overlay-opacity":"","overlay-gradient":""},"tablet":{"background-color":"var(--ast-global-color-5)","background-image":"","background-repeat":"repeat","background-position":"center center","background-size":"auto","background-attachment":"scroll","background-type":"","background-media":"","overlay-type":"","overlay-color":"","overlay-opacity":"","overlay-gradient":""},"mobile":{"background-color":"var(--ast-global-color-5)","background-image":"","background-repeat":"repeat","background-position":"center center","background-size":"auto","background-attachment":"scroll","background-type":"","background-media":"","overlay-type":"","overlay-color":"","overlay-opacity":"","overlay-gradient":""}},"footnotes":""},"class_list":["post-25510","page","type-page","status-publish","hentry"],"_links":{"self":[{"href":"https:\/\/www.adparts.com\/pt-pt\/wp-json\/wp\/v2\/pages\/25510","targetHints":{"allow":["GET"]}}],"collection":[{"href":"https:\/\/www.adparts.com\/pt-pt\/wp-json\/wp\/v2\/pages"}],"about":[{"href":"https:\/\/www.adparts.com\/pt-pt\/wp-json\/wp\/v2\/types\/page"}],"author":[{"embeddable":true,"href":"https:\/\/www.adparts.com\/pt-pt\/wp-json\/wp\/v2\/users\/3"}],"replies":[{"embeddable":true,"href":"https:\/\/www.adparts.com\/pt-pt\/wp-json\/wp\/v2\/comments?post=25510"}],"version-history":[{"count":1,"href":"https:\/\/www.adparts.com\/pt-pt\/wp-json\/wp\/v2\/pages\/25510\/revisions"}],"predecessor-version":[{"id":25511,"href":"https:\/\/www.adparts.com\/pt-pt\/wp-json\/wp\/v2\/pages\/25510\/revisions\/25511"}],"wp:attachment":[{"href":"https:\/\/www.adparts.com\/pt-pt\/wp-json\/wp\/v2\/media?parent=25510"}],"curies":[{"name":"wp","href":"https:\/\/api.w.org\/{rel}","templated":true}]}}